{"id":656,"date":"2023-10-23T10:56:26","date_gmt":"2023-10-23T08:56:26","guid":{"rendered":"https:\/\/abruzzofoods.com\/?page_id=656"},"modified":"2024-07-11T11:40:29","modified_gmt":"2024-07-11T09:40:29","slug":"shop","status":"publish","type":"page","link":"https:\/\/abruzzofoods.com\/index.php\/shop\/","title":{"rendered":"Store"},"content":{"rendered":"\t\t<div data-elementor-type=\"wp-page\" data-elementor-id=\"656\" class=\"elementor elementor-656\">\n\t\t\t\t\t\t<section class=\"elementor-section elementor-top-section elementor-element elementor-element-764c3f790 elementor-section-boxed elementor-section-height-default elementor-section-height-default wpr-particle-no wpr-jarallax-no wpr-parallax-no wpr-sticky-section-no wpr-equal-height-no\" data-id=\"764c3f790\" data-element_type=\"section\">\n\t\t\t\t\t\t<div class=\"elementor-container elementor-column-gap-default\">\n\t\t\t\t\t<div class=\"elementor-column elementor-col-50 elementor-top-column elementor-element elementor-element-318bc2cf\" data-id=\"318bc2cf\" data-element_type=\"column\">\n\t\t\t<div class=\"elementor-widget-wrap elementor-element-populated\">\n\t\t\t\t\t\t<div class=\"elementor-element elementor-element-7b5d30a7 wpr-promo-box-style-cover elementor-widget elementor-widget-wpr-promo-box\" data-id=\"7b5d30a7\" data-element_type=\"widget\" data-widget_type=\"wpr-promo-box.default\">\n\t\t\t\t<div class=\"elementor-widget-container\">\n\t\t\t\t\t\n\t\t<div class=\"wpr-promo-box wpr-animation-wrap\">\n\n\t\t\t\t\t\t\t\n\t\t\t\t\t\t\t<div class=\"wpr-promo-box-image\">\n\t\t\t\t\t<div class=\"wpr-promo-box-bg-image wpr-bg-anim-zoom-in wpr-anim-timing-ease-default\" style=\"background-image:url(https:\/\/abruzzofoods.com\/wp-content\/uploads\/2023\/10\/DSC4638-scaled.jpg);\"><\/div>\n\t\t\t\t\t<div class=\"wpr-promo-box-bg-overlay wpr-border-anim-oscar\"><\/div>\n\t\t\t\t<\/div>\n\t\t\t\t\t\t\n\t\t\t<div class=\"wpr-promo-box-content\">\n\n\t\t\t\t\t\t\t\t<div class=\"wpr-promo-box-icon\">\n\t\t\t\t\t\t\t\t\t\t\t<i class=\"fas fa-box-open\"><\/i>\n\t\t\t\t\t\t\t\t\t<\/div>\n\t\t\t\t\n\t\t\t\t<h3 class=\"wpr-promo-box-title\"><a ><span>Sapori d'Abruzzo, da te!<\/span><\/a><\/h3>\n\t\t\t\t\t\t\t\t\t<div class=\"wpr-promo-box-description\">\n\t\t\t\t\t\t<p><p><strong>Con l'app Abruzzofoods accedi ad una selezione di prodotti abruzzesi che arriveranno comodamente a casa tua, in tutta Europa.\u00a0<\/strong><\/p><\/p>\t\n\t\t\t\t\t<\/div>\t\t\t\t\t\t\n\t\t\t\t\n\t\t\t\t\t\t\t<\/div>\n\n\t\t\t\t\t<\/div>\n\n\t\t\t\t\t\t<\/div>\n\t\t\t\t<\/div>\n\t\t\t\t\t<\/div>\n\t\t<\/div>\n\t\t\t\t<div class=\"elementor-column elementor-col-50 elementor-top-column elementor-element elementor-element-67301b7f\" data-id=\"67301b7f\" data-element_type=\"column\">\n\t\t\t<div class=\"elementor-widget-wrap elementor-element-populated\">\n\t\t\t\t\t\t<div class=\"elementor-element elementor-element-359422e5 wpr-promo-box-style-cover elementor-widget elementor-widget-wpr-promo-box\" data-id=\"359422e5\" data-element_type=\"widget\" data-widget_type=\"wpr-promo-box.default\">\n\t\t\t\t<div class=\"elementor-widget-container\">\n\t\t\t\t\t\n\t\t<div class=\"wpr-promo-box wpr-animation-wrap\">\n\n\t\t\t\t\t\t\t\n\t\t\t\t\t\t\t<div class=\"wpr-promo-box-image\">\n\t\t\t\t\t<div class=\"wpr-promo-box-bg-image wpr-bg-anim-zoom-in wpr-anim-timing-ease-default\" style=\"background-image:url(https:\/\/abruzzofoods.com\/wp-content\/uploads\/2023\/10\/DSC06683-scaled.jpg);\"><\/div>\n\t\t\t\t\t<div class=\"wpr-promo-box-bg-overlay wpr-border-anim-jazz\"><\/div>\n\t\t\t\t<\/div>\n\t\t\t\t\t\t\n\t\t\t<div class=\"wpr-promo-box-content\">\n\n\t\t\t\t\t\t\t\t<div class=\"wpr-promo-box-icon\">\n\t\t\t\t\t\t\t\t\t<\/div>\n\t\t\t\t\n\t\t\t\t<h3 class=\"wpr-promo-box-title\"><a href=\"#\"><span>Formaggi d'autore<\/span><\/a><\/h3>\n\t\t\t\t\t\t\t\t\t<div class=\"wpr-promo-box-description\">\n\t\t\t\t\t\t<p><p>Pascoli d'alta quota, la pi\u00f9 alta biodiversit\u00e0 d'Europa in termini di variet\u00e0 vegetali, latte crudo e tanta pazienza sono gli ingredienti che danno vita ad un formaggio spettacolare<\/p><\/p>\t\n\t\t\t\t\t<\/div>\t\t\t\t\t\t\n\t\t\t\t\n\t\t\t\t\t\t\t<\/div>\n\n\t\t\t\t\t<\/div>\n\n\t\t\t\t\t\t<\/div>\n\t\t\t\t<\/div>\n\t\t\t\t<div class=\"elementor-element elementor-element-3563f7a7 wpr-promo-box-style-cover elementor-widget elementor-widget-wpr-promo-box\" data-id=\"3563f7a7\" data-element_type=\"widget\" data-widget_type=\"wpr-promo-box.default\">\n\t\t\t\t<div class=\"elementor-widget-container\">\n\t\t\t\t\t\n\t\t<div class=\"wpr-promo-box wpr-animation-wrap\">\n\n\t\t\t\t\t\t\t\n\t\t\t\t\t\t\t<div class=\"wpr-promo-box-image\">\n\t\t\t\t\t<div class=\"wpr-promo-box-bg-image wpr-bg-anim-zoom-in wpr-anim-timing-ease-default\" style=\"background-image:url(https:\/\/abruzzofoods.com\/wp-content\/uploads\/2023\/10\/slider-tagliere2.jpg);\"><\/div>\n\t\t\t\t\t<div class=\"wpr-promo-box-bg-overlay wpr-border-anim-oscar\"><\/div>\n\t\t\t\t<\/div>\n\t\t\t\t\t\t\n\t\t\t<div class=\"wpr-promo-box-content\">\n\n\t\t\t\t\t\t\t\t<div class=\"wpr-promo-box-icon\">\n\t\t\t\t\t\t\t\t\t<\/div>\n\t\t\t\t\n\t\t\t\t<h3 class=\"wpr-promo-box-title\"><a href=\"#\"><span>Salumi d'Abruzzo<\/span><\/a><\/h3>\n\t\t\t\t\t\t\t\t\t<div class=\"wpr-promo-box-description\">\n\t\t\t\t\t\t<p><p>Tutto il meglio della tradizione abruzzese in una pregiata selezione di salumi<\/p><\/p>\t\n\t\t\t\t\t<\/div>\t\t\t\t\t\t\n\t\t\t\t\n\t\t\t\t\t\t\t<\/div>\n\n\t\t\t\t\t<\/div>\n\n\t\t\t\t\t\t<\/div>\n\t\t\t\t<\/div>\n\t\t\t\t\t<\/div>\n\t\t<\/div>\n\t\t\t\t\t<\/div>\n\t\t<\/section>\n\t\t\t\t<section class=\"elementor-section elementor-top-section elementor-element elementor-element-4ed2a05 elementor-section-boxed elementor-section-height-default elementor-section-height-default wpr-particle-no wpr-jarallax-no wpr-parallax-no wpr-sticky-section-no wpr-equal-height-no\" data-id=\"4ed2a05\" data-element_type=\"section\">\n\t\t\t\t\t\t<div class=\"elementor-container elementor-column-gap-default\">\n\t\t\t\t\t<div class=\"elementor-column elementor-col-100 elementor-top-column elementor-element elementor-element-f2e0627\" data-id=\"f2e0627\" data-element_type=\"column\">\n\t\t\t<div class=\"elementor-widget-wrap elementor-element-populated\">\n\t\t\t\t\t\t<div class=\"elementor-element elementor-element-1af4225 elementor-widget elementor-widget-heading\" data-id=\"1af4225\" data-element_type=\"widget\" data-widget_type=\"heading.default\">\n\t\t\t\t<div class=\"elementor-widget-container\">\n\t\t\t\t\t<h2 class=\"elementor-heading-title elementor-size-default\">E TANTO ALTRO... DOVE? SULLA NOSTRA APP!<\/h2>\t\t\t\t<\/div>\n\t\t\t\t<\/div>\n\t\t\t\t<section class=\"elementor-section elementor-inner-section elementor-element elementor-element-81961af elementor-section-boxed elementor-section-height-default elementor-section-height-default wpr-particle-no wpr-jarallax-no wpr-parallax-no wpr-sticky-section-no wpr-equal-height-no\" data-id=\"81961af\" data-element_type=\"section\">\n\t\t\t\t\t\t<div class=\"elementor-container elementor-column-gap-default\">\n\t\t\t\t\t<div class=\"elementor-column elementor-col-33 elementor-inner-column elementor-element elementor-element-8352854\" data-id=\"8352854\" data-element_type=\"column\">\n\t\t\t<div class=\"elementor-widget-wrap elementor-element-populated\">\n\t\t\t\t\t\t<div class=\"elementor-element elementor-element-057682a elementor-widget elementor-widget-image\" data-id=\"057682a\" data-element_type=\"widget\" data-widget_type=\"image.default\">\n\t\t\t\t<div class=\"elementor-widget-container\">\n\t\t\t\t\t\t\t\t\t\t\t\t\t\t\t<img fetchpriority=\"high\" decoding=\"async\" width=\"512\" height=\"1024\" src=\"https:\/\/abruzzofoods.com\/wp-content\/uploads\/2024\/07\/IMG_9DF3EBD0D46D-1-512x1024.jpeg\" class=\"attachment-large size-large wp-image-712\" alt=\"\" srcset=\"https:\/\/abruzzofoods.com\/wp-content\/uploads\/2024\/07\/IMG_9DF3EBD0D46D-1-512x1024.jpeg 512w, https:\/\/abruzzofoods.com\/wp-content\/uploads\/2024\/07\/IMG_9DF3EBD0D46D-1-150x300.jpeg 150w, https:\/\/abruzzofoods.com\/wp-content\/uploads\/2024\/07\/IMG_9DF3EBD0D46D-1-768x1536.jpeg 768w, https:\/\/abruzzofoods.com\/wp-content\/uploads\/2024\/07\/IMG_9DF3EBD0D46D-1-1024x2048.jpeg 1024w, https:\/\/abruzzofoods.com\/wp-content\/uploads\/2024\/07\/IMG_9DF3EBD0D46D-1-scaled.jpeg 1280w\" sizes=\"(max-width: 512px) 100vw, 512px\" \/>\t\t\t\t\t\t\t\t\t\t\t\t\t\t\t<\/div>\n\t\t\t\t<\/div>\n\t\t\t\t\t<\/div>\n\t\t<\/div>\n\t\t\t\t<div class=\"elementor-column elementor-col-33 elementor-inner-column elementor-element elementor-element-15e92a0\" data-id=\"15e92a0\" data-element_type=\"column\">\n\t\t\t<div class=\"elementor-widget-wrap elementor-element-populated\">\n\t\t\t\t\t\t<div class=\"elementor-element elementor-element-78a41dd elementor-widget elementor-widget-image\" data-id=\"78a41dd\" data-element_type=\"widget\" data-widget_type=\"image.default\">\n\t\t\t\t<div class=\"elementor-widget-container\">\n\t\t\t\t\t\t\t\t\t\t\t\t\t\t\t\t<a href=\"https:\/\/apps.apple.com\/it\/app\/abruzzofoods\/id6503069391\">\n\t\t\t\t\t\t\t<img decoding=\"async\" width=\"580\" height=\"190\" src=\"https:\/\/abruzzofoods.com\/wp-content\/uploads\/2024\/07\/appstore.png\" class=\"attachment-large size-large wp-image-715\" alt=\"\" srcset=\"https:\/\/abruzzofoods.com\/wp-content\/uploads\/2024\/07\/appstore.png 580w, https:\/\/abruzzofoods.com\/wp-content\/uploads\/2024\/07\/appstore-300x98.png 300w\" sizes=\"(max-width: 580px) 100vw, 580px\" \/>\t\t\t\t\t\t\t\t<\/a>\n\t\t\t\t\t\t\t\t\t\t\t\t\t\t\t<\/div>\n\t\t\t\t<\/div>\n\t\t\t\t<div class=\"elementor-element elementor-element-6b1abb5 elementor-widget elementor-widget-image\" data-id=\"6b1abb5\" data-element_type=\"widget\" data-widget_type=\"image.default\">\n\t\t\t\t<div class=\"elementor-widget-container\">\n\t\t\t\t\t\t\t\t\t\t\t\t\t\t\t\t<a href=\"https:\/\/play.google.com\/store\/apps\/details?id=app.permigliorarsi.it64967e674cc1d&#038;pcampaignid=web_share\">\n\t\t\t\t\t\t\t<img decoding=\"async\" width=\"580\" height=\"190\" src=\"https:\/\/abruzzofoods.com\/wp-content\/uploads\/2024\/07\/play-store-logo.png\" class=\"attachment-large size-large wp-image-714\" alt=\"\" srcset=\"https:\/\/abruzzofoods.com\/wp-content\/uploads\/2024\/07\/play-store-logo.png 580w, https:\/\/abruzzofoods.com\/wp-content\/uploads\/2024\/07\/play-store-logo-300x98.png 300w\" sizes=\"(max-width: 580px) 100vw, 580px\" \/>\t\t\t\t\t\t\t\t<\/a>\n\t\t\t\t\t\t\t\t\t\t\t\t\t\t\t<\/div>\n\t\t\t\t<\/div>\n\t\t\t\t\t<\/div>\n\t\t<\/div>\n\t\t\t\t<div class=\"elementor-column elementor-col-33 elementor-inner-column elementor-element elementor-element-9a15085\" data-id=\"9a15085\" data-element_type=\"column\">\n\t\t\t<div class=\"elementor-widget-wrap elementor-element-populated\">\n\t\t\t\t\t\t<div class=\"elementor-element elementor-element-6796ada elementor-widget elementor-widget-image\" data-id=\"6796ada\" data-element_type=\"widget\" data-widget_type=\"image.default\">\n\t\t\t\t<div class=\"elementor-widget-container\">\n\t\t\t\t\t\t\t\t\t\t\t\t\t\t\t<img loading=\"lazy\" decoding=\"async\" width=\"514\" height=\"1024\" src=\"https:\/\/abruzzofoods.com\/wp-content\/uploads\/2024\/07\/IMG_20D029F22FFF-1-514x1024.jpeg\" class=\"attachment-large size-large wp-image-711\" alt=\"\" srcset=\"https:\/\/abruzzofoods.com\/wp-content\/uploads\/2024\/07\/IMG_20D029F22FFF-1-514x1024.jpeg 514w, https:\/\/abruzzofoods.com\/wp-content\/uploads\/2024\/07\/IMG_20D029F22FFF-1-151x300.jpeg 151w, https:\/\/abruzzofoods.com\/wp-content\/uploads\/2024\/07\/IMG_20D029F22FFF-1-768x1531.jpeg 768w, https:\/\/abruzzofoods.com\/wp-content\/uploads\/2024\/07\/IMG_20D029F22FFF-1-771x1536.jpeg 771w, https:\/\/abruzzofoods.com\/wp-content\/uploads\/2024\/07\/IMG_20D029F22FFF-1-1028x2048.jpeg 1028w, https:\/\/abruzzofoods.com\/wp-content\/uploads\/2024\/07\/IMG_20D029F22FFF-1-scaled.jpeg 1284w\" sizes=\"(max-width: 514px) 100vw, 514px\" \/>\t\t\t\t\t\t\t\t\t\t\t\t\t\t\t<\/div>\n\t\t\t\t<\/div>\n\t\t\t\t\t<\/div>\n\t\t<\/div>\n\t\t\t\t\t<\/div>\n\t\t<\/section>\n\t\t\t\t\t<\/div>\n\t\t<\/div>\n\t\t\t\t\t<\/div>\n\t\t<\/section>\n\t\t\t\t<\/div>\n\t\t","protected":false},"excerpt":{"rendered":"<p>Sapori d&#8217;Abruzzo, da te! Con l&#8217;app Abruzzofoods accedi ad una selezione di prodotti abruzzesi che arriveranno comodamente a casa tua, in tutta Europa.\u00a0 Formaggi d&#8217;autore Pascoli d&#8217;alta quota, la pi\u00f9 alta biodiversit\u00e0 d&#8217;Europa in termini di variet\u00e0 vegetali, latte crudo e tanta pazienza sono gli ingredienti che danno vita ad un formaggio spettacolare Salumi d&#8217;Abruzzo Tutto il meglio della tradizione abruzzese in una pregiata selezione di salumi E TANTO ALTRO&#8230; DOVE? SULLA NOSTRA APP!<\/p>\n","protected":false},"author":1,"featured_media":0,"parent":0,"menu_order":0,"comment_status":"closed","ping_status":"closed","template":"","meta":{"_monsterinsights_skip_tracking":false,"_monsterinsights_sitenote_active":false,"_monsterinsights_sitenote_note":"","_monsterinsights_sitenote_category":0,"footnotes":""},"aioseo_notices":[],"_links":{"self":[{"href":"https:\/\/abruzzofoods.com\/index.php\/wp-json\/wp\/v2\/pages\/656"}],"collection":[{"href":"https:\/\/abruzzofoods.com\/index.php\/wp-json\/wp\/v2\/pages"}],"about":[{"href":"https:\/\/abruzzofoods.com\/index.php\/wp-json\/wp\/v2\/types\/page"}],"author":[{"embeddable":true,"href":"https:\/\/abruzzofoods.com\/index.php\/wp-json\/wp\/v2\/users\/1"}],"replies":[{"embeddable":true,"href":"https:\/\/abruzzofoods.com\/index.php\/wp-json\/wp\/v2\/comments?post=656"}],"version-history":[{"count":18,"href":"https:\/\/abruzzofoods.com\/index.php\/wp-json\/wp\/v2\/pages\/656\/revisions"}],"predecessor-version":[{"id":721,"href":"https:\/\/abruzzofoods.com\/index.php\/wp-json\/wp\/v2\/pages\/656\/revisions\/721"}],"wp:attachment":[{"href":"https:\/\/abruzzofoods.com\/index.php\/wp-json\/wp\/v2\/media?parent=656"}],"curies":[{"name":"wp","href":"https:\/\/api.w.org\/{rel}","templated":true}]}}