{"id":474,"date":"2023-09-14T09:17:39","date_gmt":"2023-09-14T07:17:39","guid":{"rendered":"https:\/\/abruzzofoods.com\/?page_id=474"},"modified":"2024-06-11T10:30:41","modified_gmt":"2024-06-11T08:30:41","slug":"dove-andare","status":"publish","type":"page","link":"https:\/\/abruzzofoods.com\/index.php\/dove-andare\/","title":{"rendered":"Dove andare"},"content":{"rendered":"\t\t<div data-elementor-type=\"wp-page\" data-elementor-id=\"474\" class=\"elementor elementor-474\">\n\t\t\t\t\t\t<section class=\"elementor-section elementor-top-section elementor-element elementor-element-d7190e0 elementor-section-boxed elementor-section-height-default elementor-section-height-default wpr-particle-no wpr-jarallax-no wpr-parallax-no wpr-sticky-section-no\" data-id=\"d7190e0\" data-element_type=\"section\" data-settings=\"{&quot;background_background&quot;:&quot;classic&quot;}\">\n\t\t\t\t\t\t\t<div class=\"elementor-background-overlay\"><\/div>\n\t\t\t\t\t\t\t<div class=\"elementor-container elementor-column-gap-default\">\n\t\t\t\t\t<div class=\"elementor-column elementor-col-100 elementor-top-column elementor-element elementor-element-347477d\" data-id=\"347477d\" data-element_type=\"column\">\n\t\t\t<div class=\"elementor-widget-wrap elementor-element-populated\">\n\t\t\t\t\t\t<div class=\"elementor-element elementor-element-3b50f9b elementor-widget elementor-widget-heading\" data-id=\"3b50f9b\" data-element_type=\"widget\" data-widget_type=\"heading.default\">\n\t\t\t\t<div class=\"elementor-widget-container\">\n\t\t\t\t\t<h2 class=\"elementor-heading-title elementor-size-default\">Dove andare<\/h2>\t\t\t\t<\/div>\n\t\t\t\t<\/div>\n\t\t\t\t\t<\/div>\n\t\t<\/div>\n\t\t\t\t\t<\/div>\n\t\t<\/section>\n\t\t\t\t<section class=\"elementor-section elementor-top-section elementor-element elementor-element-d1be7fc elementor-section-boxed elementor-section-height-default elementor-section-height-default wpr-particle-no wpr-jarallax-no wpr-parallax-no wpr-sticky-section-no\" data-id=\"d1be7fc\" data-element_type=\"section\">\n\t\t\t\t\t\t<div class=\"elementor-container elementor-column-gap-default\">\n\t\t\t\t\t<div class=\"elementor-column elementor-col-33 elementor-top-column elementor-element elementor-element-482cf7d\" data-id=\"482cf7d\" data-element_type=\"column\">\n\t\t\t<div class=\"elementor-widget-wrap elementor-element-populated\">\n\t\t\t\t\t\t<div class=\"elementor-element elementor-element-7c84f9c elementor-widget elementor-widget-heading\" data-id=\"7c84f9c\" data-element_type=\"widget\" data-widget_type=\"heading.default\">\n\t\t\t\t<div class=\"elementor-widget-container\">\n\t\t\t\t\t<h2 class=\"elementor-heading-title elementor-size-default\">Bike For Fun<\/h2>\t\t\t\t<\/div>\n\t\t\t\t<\/div>\n\t\t\t\t<div class=\"elementor-element elementor-element-341bde0 elementor-widget-divider--view-line elementor-widget elementor-widget-divider\" data-id=\"341bde0\" data-element_type=\"widget\" data-widget_type=\"divider.default\">\n\t\t\t\t<div class=\"elementor-widget-container\">\n\t\t\t\t\t\t\t<div class=\"elementor-divider\">\n\t\t\t<span class=\"elementor-divider-separator\">\n\t\t\t\t\t\t<\/span>\n\t\t<\/div>\n\t\t\t\t\t\t<\/div>\n\t\t\t\t<\/div>\n\t\t\t\t<div class=\"elementor-element elementor-element-f9876d6 elementor-widget elementor-widget-text-editor\" data-id=\"f9876d6\" data-element_type=\"widget\" data-widget_type=\"text-editor.default\">\n\t\t\t\t<div class=\"elementor-widget-container\">\n\t\t\t\t\t\t\t\t\t<p>Scopri con l&#8217;E-Bike la bellezza dell&#8217;Abruzzo.<\/p><p>Scoprirai natura, divertimento e tanta voglia di pedalare insieme.<\/p><p>Con i loro eventi, Bike For Fun ti porter\u00e0 alla scoperta dell\u2019Abruzzo,<br \/>tra sentieri e storia, pedalando con una marcia in pi\u00f9 e con tanti amici che, come te, sono curiosi di scoprire questa terra in maniera ecosostenibile.<\/p>\t\t\t\t\t\t\t\t<\/div>\n\t\t\t\t<\/div>\n\t\t\t\t<div class=\"elementor-element elementor-element-e0a7785 elementor-align-left elementor-widget elementor-widget-button\" data-id=\"e0a7785\" data-element_type=\"widget\" data-widget_type=\"button.default\">\n\t\t\t\t<div class=\"elementor-widget-container\">\n\t\t\t\t\t\t\t\t\t<div class=\"elementor-button-wrapper\">\n\t\t\t\t\t<a class=\"elementor-button elementor-button-link elementor-size-sm\" href=\"https:\/\/www.bikeforfun.bike\" target=\"_blank\">\n\t\t\t\t\t\t<span class=\"elementor-button-content-wrapper\">\n\t\t\t\t\t\t\t\t\t<span class=\"elementor-button-text\">Scopri di pi\u00f9<\/span>\n\t\t\t\t\t<\/span>\n\t\t\t\t\t<\/a>\n\t\t\t\t<\/div>\n\t\t\t\t\t\t\t\t<\/div>\n\t\t\t\t<\/div>\n\t\t\t\t\t<\/div>\n\t\t<\/div>\n\t\t\t\t<div class=\"elementor-column elementor-col-33 elementor-top-column elementor-element elementor-element-c98f91a\" data-id=\"c98f91a\" data-element_type=\"column\">\n\t\t\t<div class=\"elementor-widget-wrap elementor-element-populated\">\n\t\t\t\t\t\t<div class=\"elementor-element elementor-element-c70cfdd elementor-widget elementor-widget-image\" data-id=\"c70cfdd\" data-element_type=\"widget\" data-widget_type=\"image.default\">\n\t\t\t\t<div class=\"elementor-widget-container\">\n\t\t\t\t\t\t\t\t\t\t\t\t\t\t\t<img decoding=\"async\" src=\"https:\/\/abruzzofoods.com\/wp-content\/uploads\/2023\/09\/Foto-900x1180-n.2_bikeforfun.jpg\" title=\"Foto 900&#215;1180 n.2_bikeforfun\" alt=\"Foto 900x1180 n.2_bikeforfun\" loading=\"lazy\" \/>\t\t\t\t\t\t\t\t\t\t\t\t\t\t\t<\/div>\n\t\t\t\t<\/div>\n\t\t\t\t<div class=\"elementor-element elementor-element-a1e27f5 elementor-widget elementor-widget-google_maps\" data-id=\"a1e27f5\" data-element_type=\"widget\" data-widget_type=\"google_maps.default\">\n\t\t\t\t<div class=\"elementor-widget-container\">\n\t\t\t\t\t\t\t<div class=\"elementor-custom-embed\">\n\t\t\t<iframe loading=\"lazy\"\n\t\t\t\t\tsrc=\"https:\/\/maps.google.com\/maps?q=bike%20for%20fun&#038;t=m&#038;z=10&#038;output=embed&#038;iwloc=near\"\n\t\t\t\t\ttitle=\"bike for fun\"\n\t\t\t\t\taria-label=\"bike for fun\"\n\t\t\t><\/iframe>\n\t\t<\/div>\n\t\t\t\t\t\t<\/div>\n\t\t\t\t<\/div>\n\t\t\t\t\t<\/div>\n\t\t<\/div>\n\t\t\t\t<div class=\"elementor-column elementor-col-33 elementor-top-column elementor-element elementor-element-a1f3dd8\" data-id=\"a1f3dd8\" data-element_type=\"column\">\n\t\t\t<div class=\"elementor-widget-wrap elementor-element-populated\">\n\t\t\t\t\t\t<div class=\"elementor-element elementor-element-aa6edd5 elementor-widget elementor-widget-image\" data-id=\"aa6edd5\" data-element_type=\"widget\" data-widget_type=\"image.default\">\n\t\t\t\t<div class=\"elementor-widget-container\">\n\t\t\t\t\t\t\t\t\t\t\t\t\t\t\t<img fetchpriority=\"high\" decoding=\"async\" width=\"500\" height=\"500\" src=\"https:\/\/abruzzofoods.com\/wp-content\/uploads\/2023\/09\/Logo-500x500_bikeforfun.jpg\" class=\"attachment-large size-large wp-image-497\" alt=\"\" srcset=\"https:\/\/abruzzofoods.com\/wp-content\/uploads\/2023\/09\/Logo-500x500_bikeforfun.jpg 500w, https:\/\/abruzzofoods.com\/wp-content\/uploads\/2023\/09\/Logo-500x500_bikeforfun-300x300.jpg 300w, https:\/\/abruzzofoods.com\/wp-content\/uploads\/2023\/09\/Logo-500x500_bikeforfun-150x150.jpg 150w\" sizes=\"(max-width: 500px) 100vw, 500px\" \/>\t\t\t\t\t\t\t\t\t\t\t\t\t\t\t<\/div>\n\t\t\t\t<\/div>\n\t\t\t\t<div class=\"elementor-element elementor-element-618002d elementor-widget elementor-widget-image\" data-id=\"618002d\" data-element_type=\"widget\" data-widget_type=\"image.default\">\n\t\t\t\t<div class=\"elementor-widget-container\">\n\t\t\t\t\t\t\t\t\t\t\t\t\t\t\t<img decoding=\"async\" src=\"https:\/\/abruzzofoods.com\/wp-content\/uploads\/2023\/09\/Foto-900x1180-n.1_bikeforfun.jpg\" title=\"Foto 900&#215;1180 n.1_bikeforfun\" alt=\"Foto 900x1180 n.1_bikeforfun\" loading=\"lazy\" \/>\t\t\t\t\t\t\t\t\t\t\t\t\t\t\t<\/div>\n\t\t\t\t<\/div>\n\t\t\t\t\t<\/div>\n\t\t<\/div>\n\t\t\t\t\t<\/div>\n\t\t<\/section>\n\t\t\t\t<section class=\"elementor-section elementor-top-section elementor-element elementor-element-62a2c20 elementor-section-boxed elementor-section-height-default elementor-section-height-default wpr-particle-no wpr-jarallax-no wpr-parallax-no wpr-sticky-section-no\" data-id=\"62a2c20\" data-element_type=\"section\" data-settings=\"{&quot;background_background&quot;:&quot;classic&quot;}\">\n\t\t\t\t\t\t<div class=\"elementor-container elementor-column-gap-default\">\n\t\t\t\t\t<div class=\"elementor-column elementor-col-33 elementor-top-column elementor-element elementor-element-ffbda3b\" data-id=\"ffbda3b\" data-element_type=\"column\">\n\t\t\t<div class=\"elementor-widget-wrap elementor-element-populated\">\n\t\t\t\t\t\t<div class=\"elementor-element elementor-element-460c03b elementor-widget elementor-widget-heading\" data-id=\"460c03b\" data-element_type=\"widget\" data-widget_type=\"heading.default\">\n\t\t\t\t<div class=\"elementor-widget-container\">\n\t\t\t\t\t<h2 class=\"elementor-heading-title elementor-size-default\">Majellando<\/h2>\t\t\t\t<\/div>\n\t\t\t\t<\/div>\n\t\t\t\t<div class=\"elementor-element elementor-element-8ad0be6 elementor-widget-divider--view-line elementor-widget elementor-widget-divider\" data-id=\"8ad0be6\" data-element_type=\"widget\" data-widget_type=\"divider.default\">\n\t\t\t\t<div class=\"elementor-widget-container\">\n\t\t\t\t\t\t\t<div class=\"elementor-divider\">\n\t\t\t<span class=\"elementor-divider-separator\">\n\t\t\t\t\t\t<\/span>\n\t\t<\/div>\n\t\t\t\t\t\t<\/div>\n\t\t\t\t<\/div>\n\t\t\t\t<div class=\"elementor-element elementor-element-6a1c454 elementor-widget elementor-widget-text-editor\" data-id=\"6a1c454\" data-element_type=\"widget\" data-widget_type=\"text-editor.default\">\n\t\t\t\t<div class=\"elementor-widget-container\">\n\t\t\t\t\t\t\t\t\t<p>Majellando \u00e8 il pi\u00f9 grande Tour Operator Outdoor d&#8217;Abruzzo!<\/p><p>Puoi costruire la tua VACANZA IN NATURA nella regione verde dei Parchi scegliendo tra le numerose proposte ADATTE A TUTTI I GUSTI. Le nostre GUIDE ESPERTE sono degli abitanti del luogo pronti a farti vivere le emozioni pi\u00f9 belle e pi\u00f9 autentiche d&#8217;Abruzzo.<\/p><p>Per la tua vacanza in FAMIGLIA, in COPPIA o con gli AMICI, Majellando ha tutto quello di cui hai bisogno.<\/p><p>Puoi organizzare il tuo soggiorno scegliendo l&#8217;ALLOGGIO vicino alle ESPERIENZE che vuoi vivere.<\/p>\t\t\t\t\t\t\t\t<\/div>\n\t\t\t\t<\/div>\n\t\t\t\t<div class=\"elementor-element elementor-element-d7208a6 elementor-align-left elementor-widget elementor-widget-button\" data-id=\"d7208a6\" data-element_type=\"widget\" data-widget_type=\"button.default\">\n\t\t\t\t<div class=\"elementor-widget-container\">\n\t\t\t\t\t\t\t\t\t<div class=\"elementor-button-wrapper\">\n\t\t\t\t\t<a class=\"elementor-button elementor-button-link elementor-size-sm\" href=\"https:\/\/www.majellando.it\/it\" target=\"_blank\">\n\t\t\t\t\t\t<span class=\"elementor-button-content-wrapper\">\n\t\t\t\t\t\t\t\t\t<span class=\"elementor-button-text\">Scopri di pi\u00f9<\/span>\n\t\t\t\t\t<\/span>\n\t\t\t\t\t<\/a>\n\t\t\t\t<\/div>\n\t\t\t\t\t\t\t\t<\/div>\n\t\t\t\t<\/div>\n\t\t\t\t\t<\/div>\n\t\t<\/div>\n\t\t\t\t<div class=\"elementor-column elementor-col-33 elementor-top-column elementor-element elementor-element-10e47d5\" data-id=\"10e47d5\" data-element_type=\"column\">\n\t\t\t<div class=\"elementor-widget-wrap elementor-element-populated\">\n\t\t\t\t\t\t<div class=\"elementor-element elementor-element-cd3fc21 elementor-widget elementor-widget-image\" data-id=\"cd3fc21\" data-element_type=\"widget\" data-widget_type=\"image.default\">\n\t\t\t\t<div class=\"elementor-widget-container\">\n\t\t\t\t\t\t\t\t\t\t\t\t\t\t\t<img decoding=\"async\" src=\"https:\/\/abruzzofoods.com\/wp-content\/uploads\/2023\/09\/Foto-900x1180-n.1_majellando.jpg\" title=\"Foto 900&#215;1180 n.1_majellando\" alt=\"Foto 900x1180 n.1_majellando\" loading=\"lazy\" \/>\t\t\t\t\t\t\t\t\t\t\t\t\t\t\t<\/div>\n\t\t\t\t<\/div>\n\t\t\t\t<div class=\"elementor-element elementor-element-223f37f elementor-widget elementor-widget-google_maps\" data-id=\"223f37f\" data-element_type=\"widget\" data-widget_type=\"google_maps.default\">\n\t\t\t\t<div class=\"elementor-widget-container\">\n\t\t\t\t\t\t\t<div class=\"elementor-custom-embed\">\n\t\t\t<iframe loading=\"lazy\"\n\t\t\t\t\tsrc=\"https:\/\/maps.google.com\/maps?q=Majellando%20Centro%20Info&#038;t=m&#038;z=9&#038;output=embed&#038;iwloc=near\"\n\t\t\t\t\ttitle=\"Majellando Centro Info\"\n\t\t\t\t\taria-label=\"Majellando Centro Info\"\n\t\t\t><\/iframe>\n\t\t<\/div>\n\t\t\t\t\t\t<\/div>\n\t\t\t\t<\/div>\n\t\t\t\t\t<\/div>\n\t\t<\/div>\n\t\t\t\t<div class=\"elementor-column elementor-col-33 elementor-top-column elementor-element elementor-element-abd58c8\" data-id=\"abd58c8\" data-element_type=\"column\">\n\t\t\t<div class=\"elementor-widget-wrap elementor-element-populated\">\n\t\t\t\t\t\t<div class=\"elementor-element elementor-element-ea910cc elementor-widget elementor-widget-image\" data-id=\"ea910cc\" data-element_type=\"widget\" data-widget_type=\"image.default\">\n\t\t\t\t<div class=\"elementor-widget-container\">\n\t\t\t\t\t\t\t\t\t\t\t\t\t\t\t<img decoding=\"async\" width=\"500\" height=\"500\" src=\"https:\/\/abruzzofoods.com\/wp-content\/uploads\/2023\/09\/Logo-500x500_majellando.jpg\" class=\"attachment-large size-large wp-image-500\" alt=\"\" srcset=\"https:\/\/abruzzofoods.com\/wp-content\/uploads\/2023\/09\/Logo-500x500_majellando.jpg 500w, https:\/\/abruzzofoods.com\/wp-content\/uploads\/2023\/09\/Logo-500x500_majellando-300x300.jpg 300w, https:\/\/abruzzofoods.com\/wp-content\/uploads\/2023\/09\/Logo-500x500_majellando-150x150.jpg 150w\" sizes=\"(max-width: 500px) 100vw, 500px\" \/>\t\t\t\t\t\t\t\t\t\t\t\t\t\t\t<\/div>\n\t\t\t\t<\/div>\n\t\t\t\t<div class=\"elementor-element elementor-element-403e2e1 elementor-widget elementor-widget-image\" data-id=\"403e2e1\" data-element_type=\"widget\" data-widget_type=\"image.default\">\n\t\t\t\t<div class=\"elementor-widget-container\">\n\t\t\t\t\t\t\t\t\t\t\t\t\t\t\t<img decoding=\"async\" src=\"https:\/\/abruzzofoods.com\/wp-content\/uploads\/2023\/09\/Foto-900x1180-n.2_majellando.jpg\" title=\"Foto 900&#215;1180 n.2_majellando\" alt=\"Foto 900x1180 n.2_majellando\" loading=\"lazy\" \/>\t\t\t\t\t\t\t\t\t\t\t\t\t\t\t<\/div>\n\t\t\t\t<\/div>\n\t\t\t\t\t<\/div>\n\t\t<\/div>\n\t\t\t\t\t<\/div>\n\t\t<\/section>\n\t\t\t\t<section class=\"elementor-section elementor-top-section elementor-element elementor-element-d44621b elementor-section-boxed elementor-section-height-default elementor-section-height-default wpr-particle-no wpr-jarallax-no wpr-parallax-no wpr-sticky-section-no\" data-id=\"d44621b\" data-element_type=\"section\">\n\t\t\t\t\t\t<div class=\"elementor-container elementor-column-gap-default\">\n\t\t\t\t\t<div class=\"elementor-column elementor-col-33 elementor-top-column elementor-element elementor-element-d73b586\" data-id=\"d73b586\" data-element_type=\"column\">\n\t\t\t<div class=\"elementor-widget-wrap elementor-element-populated\">\n\t\t\t\t\t\t<div class=\"elementor-element elementor-element-ebab91d elementor-widget elementor-widget-heading\" data-id=\"ebab91d\" data-element_type=\"widget\" data-widget_type=\"heading.default\">\n\t\t\t\t<div class=\"elementor-widget-container\">\n\t\t\t\t\t<h2 class=\"elementor-heading-title elementor-size-default\">Il Bosso<\/h2>\t\t\t\t<\/div>\n\t\t\t\t<\/div>\n\t\t\t\t<div class=\"elementor-element elementor-element-60ee2cb elementor-widget-divider--view-line elementor-widget elementor-widget-divider\" data-id=\"60ee2cb\" data-element_type=\"widget\" data-widget_type=\"divider.default\">\n\t\t\t\t<div class=\"elementor-widget-container\">\n\t\t\t\t\t\t\t<div class=\"elementor-divider\">\n\t\t\t<span class=\"elementor-divider-separator\">\n\t\t\t\t\t\t<\/span>\n\t\t<\/div>\n\t\t\t\t\t\t<\/div>\n\t\t\t\t<\/div>\n\t\t\t\t<div class=\"elementor-element elementor-element-25ca9b5 elementor-widget elementor-widget-text-editor\" data-id=\"25ca9b5\" data-element_type=\"widget\" data-widget_type=\"text-editor.default\">\n\t\t\t\t<div class=\"elementor-widget-container\">\n\t\t\t\t\t\t\t\t\t<p>Da oltre 20 anni opera in Abruzzo nel settore dell\u2019ambiente con l\u2019obiettivo di diffondere la sensibilit\u00e0 ecologica, divulgare la cultura scientifica, promuovere la conoscenza dell\u2019ambiente e del territorio, sviluppare e ricercare programmi per il turismo sostenibile e responsabile.<\/p><p>La garanzia dei servizi offerti \u00e8 data dall\u2019esperienza e dalla professionalit\u00e0 dei soci e dei collaboratori che da anni operano in questi settori.<\/p><p>ATTIVIT\u00c0 ESPERIENZIALI<br \/>Nello scenario naturale ed incontaminato dell&#8217;Abruzzo \u00e8 possibile essere accompagnati per escursioni in canoa e kayak sul fiume Tirino, pedalate naturalistiche ed enogastronomiche, escursioni trekking e nordic walking, esperienze di educazione ambientale e di team building esperienziale.<\/p>\t\t\t\t\t\t\t\t<\/div>\n\t\t\t\t<\/div>\n\t\t\t\t<div class=\"elementor-element elementor-element-ec8e815 elementor-align-left elementor-widget elementor-widget-button\" data-id=\"ec8e815\" data-element_type=\"widget\" data-widget_type=\"button.default\">\n\t\t\t\t<div class=\"elementor-widget-container\">\n\t\t\t\t\t\t\t\t\t<div class=\"elementor-button-wrapper\">\n\t\t\t\t\t<a class=\"elementor-button elementor-button-link elementor-size-sm\" href=\"https:\/\/www.ilbosso.com\/\" target=\"_blank\">\n\t\t\t\t\t\t<span class=\"elementor-button-content-wrapper\">\n\t\t\t\t\t\t\t\t\t<span class=\"elementor-button-text\">Scopri di pi\u00f9<\/span>\n\t\t\t\t\t<\/span>\n\t\t\t\t\t<\/a>\n\t\t\t\t<\/div>\n\t\t\t\t\t\t\t\t<\/div>\n\t\t\t\t<\/div>\n\t\t\t\t\t<\/div>\n\t\t<\/div>\n\t\t\t\t<div class=\"elementor-column elementor-col-33 elementor-top-column elementor-element elementor-element-ac99bcc\" data-id=\"ac99bcc\" data-element_type=\"column\">\n\t\t\t<div class=\"elementor-widget-wrap elementor-element-populated\">\n\t\t\t\t\t\t<div class=\"elementor-element elementor-element-60dd924 elementor-widget elementor-widget-image\" data-id=\"60dd924\" data-element_type=\"widget\" data-widget_type=\"image.default\">\n\t\t\t\t<div class=\"elementor-widget-container\">\n\t\t\t\t\t\t\t\t\t\t\t\t\t\t\t<img decoding=\"async\" src=\"https:\/\/abruzzofoods.com\/wp-content\/uploads\/2023\/09\/Foto-900x1180-n.2_bosso.jpg\" title=\"Foto 900&#215;1180 n.2_bosso\" alt=\"Foto 900x1180 n.2_bosso\" loading=\"lazy\" \/>\t\t\t\t\t\t\t\t\t\t\t\t\t\t\t<\/div>\n\t\t\t\t<\/div>\n\t\t\t\t<div class=\"elementor-element elementor-element-6568db5 elementor-widget elementor-widget-google_maps\" data-id=\"6568db5\" data-element_type=\"widget\" data-widget_type=\"google_maps.default\">\n\t\t\t\t<div class=\"elementor-widget-container\">\n\t\t\t\t\t\t\t<div class=\"elementor-custom-embed\">\n\t\t\t<iframe loading=\"lazy\"\n\t\t\t\t\tsrc=\"https:\/\/maps.google.com\/maps?q=Il%20bosso&#038;t=m&#038;z=10&#038;output=embed&#038;iwloc=near\"\n\t\t\t\t\ttitle=\"Il bosso\"\n\t\t\t\t\taria-label=\"Il bosso\"\n\t\t\t><\/iframe>\n\t\t<\/div>\n\t\t\t\t\t\t<\/div>\n\t\t\t\t<\/div>\n\t\t\t\t\t<\/div>\n\t\t<\/div>\n\t\t\t\t<div class=\"elementor-column elementor-col-33 elementor-top-column elementor-element elementor-element-532eb8a\" data-id=\"532eb8a\" data-element_type=\"column\">\n\t\t\t<div class=\"elementor-widget-wrap elementor-element-populated\">\n\t\t\t\t\t\t<div class=\"elementor-element elementor-element-8448bd6 elementor-widget elementor-widget-image\" data-id=\"8448bd6\" data-element_type=\"widget\" data-widget_type=\"image.default\">\n\t\t\t\t<div class=\"elementor-widget-container\">\n\t\t\t\t\t\t\t\t\t\t\t\t\t\t\t<img decoding=\"async\" width=\"500\" height=\"500\" src=\"https:\/\/abruzzofoods.com\/wp-content\/uploads\/2023\/09\/Logo-500x500_bosso.jpg\" class=\"attachment-large size-large wp-image-494\" alt=\"\" srcset=\"https:\/\/abruzzofoods.com\/wp-content\/uploads\/2023\/09\/Logo-500x500_bosso.jpg 500w, https:\/\/abruzzofoods.com\/wp-content\/uploads\/2023\/09\/Logo-500x500_bosso-300x300.jpg 300w, https:\/\/abruzzofoods.com\/wp-content\/uploads\/2023\/09\/Logo-500x500_bosso-150x150.jpg 150w\" sizes=\"(max-width: 500px) 100vw, 500px\" \/>\t\t\t\t\t\t\t\t\t\t\t\t\t\t\t<\/div>\n\t\t\t\t<\/div>\n\t\t\t\t<div class=\"elementor-element elementor-element-258d99e elementor-widget elementor-widget-image\" data-id=\"258d99e\" data-element_type=\"widget\" data-widget_type=\"image.default\">\n\t\t\t\t<div class=\"elementor-widget-container\">\n\t\t\t\t\t\t\t\t\t\t\t\t\t\t\t<img decoding=\"async\" src=\"https:\/\/abruzzofoods.com\/wp-content\/uploads\/2023\/09\/Foto-900x1180-n.1_bosso.jpg\" title=\"Foto 900&#215;1180 n.1_bosso\" alt=\"Foto 900x1180 n.1_bosso\" loading=\"lazy\" \/>\t\t\t\t\t\t\t\t\t\t\t\t\t\t\t<\/div>\n\t\t\t\t<\/div>\n\t\t\t\t\t<\/div>\n\t\t<\/div>\n\t\t\t\t\t<\/div>\n\t\t<\/section>\n\t\t\t\t<section class=\"elementor-section elementor-top-section elementor-element elementor-element-9f1d7d9 elementor-section-height-min-height elementor-section-boxed elementor-section-height-default elementor-section-items-middle wpr-particle-no wpr-jarallax-no wpr-parallax-no wpr-sticky-section-no\" data-id=\"9f1d7d9\" data-element_type=\"section\" data-settings=\"{&quot;background_background&quot;:&quot;classic&quot;}\">\n\t\t\t\t\t\t\t<div class=\"elementor-background-overlay\"><\/div>\n\t\t\t\t\t\t\t<div class=\"elementor-container elementor-column-gap-default\">\n\t\t\t\t\t<div class=\"elementor-column elementor-col-50 elementor-top-column elementor-element elementor-element-d2d312e elementor-hidden-tablet elementor-hidden-mobile\" data-id=\"d2d312e\" data-element_type=\"column\">\n\t\t\t<div class=\"elementor-widget-wrap\">\n\t\t\t\t\t\t\t<\/div>\n\t\t<\/div>\n\t\t\t\t<div class=\"elementor-column elementor-col-50 elementor-top-column elementor-element elementor-element-41befa1\" data-id=\"41befa1\" data-element_type=\"column\">\n\t\t\t<div class=\"elementor-widget-wrap elementor-element-populated\">\n\t\t\t\t\t\t<div class=\"elementor-element elementor-element-eaca5af elementor-widget elementor-widget-heading\" data-id=\"eaca5af\" data-element_type=\"widget\" data-widget_type=\"heading.default\">\n\t\t\t\t<div class=\"elementor-widget-container\">\n\t\t\t\t\t<h2 class=\"elementor-heading-title elementor-size-default\">Scopri l'Abruzzo con noi!<\/h2>\t\t\t\t<\/div>\n\t\t\t\t<\/div>\n\t\t\t\t<div class=\"elementor-element elementor-element-d56aacf elementor-widget-divider--view-line elementor-widget elementor-widget-divider\" data-id=\"d56aacf\" data-element_type=\"widget\" data-widget_type=\"divider.default\">\n\t\t\t\t<div class=\"elementor-widget-container\">\n\t\t\t\t\t\t\t<div class=\"elementor-divider\">\n\t\t\t<span class=\"elementor-divider-separator\">\n\t\t\t\t\t\t<\/span>\n\t\t<\/div>\n\t\t\t\t\t\t<\/div>\n\t\t\t\t<\/div>\n\t\t\t\t<div class=\"elementor-element elementor-element-569924d elementor-widget elementor-widget-text-editor\" data-id=\"569924d\" data-element_type=\"widget\" data-widget_type=\"text-editor.default\">\n\t\t\t\t<div class=\"elementor-widget-container\">\n\t\t\t\t\t\t\t\t\t<p>Se vuoi vivere un&#8217;esperienza indimenticabile, segui i nostri consigli e prenota il tuo soggiorno in uno dei nostri hotel selezionati, dove troverai comfort, ospitalit\u00e0 e qualit\u00e0.<\/p><p>Non perderti i sapori della cucina abruzzese, che potrai gustare nei ristoranti che ti suggeriamo.<\/p><p>E per rendere il tuo viaggio ancora pi\u00f9 speciale, prova le attivit\u00e0 esperienziali che abbiamo scelto per te.<\/p>\t\t\t\t\t\t\t\t<\/div>\n\t\t\t\t<\/div>\n\t\t\t\t\t<\/div>\n\t\t<\/div>\n\t\t\t\t\t<\/div>\n\t\t<\/section>\n\t\t\t\t<\/div>\n\t\t","protected":false},"excerpt":{"rendered":"<p>Dove andare Bike For Fun Scopri con l&#8217;E-Bike la bellezza dell&#8217;Abruzzo. Scoprirai natura, divertimento e tanta voglia di pedalare insieme. Con i loro eventi, Bike For Fun ti porter\u00e0 alla scoperta dell\u2019Abruzzo,tra sentieri e storia, pedalando con una marcia in pi\u00f9 e con tanti amici che, come te, sono curiosi di scoprire questa terra in maniera ecosostenibile. Scopri di pi\u00f9 Majellando Majellando \u00e8 il pi\u00f9 grande Tour Operator Outdoor d&#8217;Abruzzo! Puoi costruire la tua VACANZA IN NATURA nella regione verde dei Parchi scegliendo tra le numerose proposte ADATTE A TUTTI I GUSTI. Le nostre GUIDE ESPERTE sono degli abitanti del luogo pronti a farti vivere le emozioni pi\u00f9 belle e pi\u00f9 autentiche d&#8217;Abruzzo. Per la tua vacanza in FAMIGLIA, in COPPIA o con gli AMICI, Majellando ha tutto quello di cui hai bisogno. Puoi organizzare il tuo soggiorno scegliendo l&#8217;ALLOGGIO vicino alle ESPERIENZE che vuoi vivere. Scopri di pi\u00f9 Il Bosso Da oltre 20 anni opera in Abruzzo nel settore dell\u2019ambiente con l\u2019obiettivo di diffondere la sensibilit\u00e0 ecologica, divulgare la cultura scientifica, promuovere la conoscenza dell\u2019ambiente e del territorio, sviluppare e ricercare programmi per il turismo sostenibile e responsabile. La garanzia dei servizi offerti \u00e8 data dall\u2019esperienza e dalla professionalit\u00e0 dei soci e dei collaboratori che da anni operano in questi settori. ATTIVIT\u00c0 ESPERIENZIALINello scenario naturale ed incontaminato dell&#8217;Abruzzo \u00e8 possibile essere accompagnati per escursioni in canoa e kayak sul fiume Tirino, pedalate naturalistiche ed enogastronomiche, escursioni trekking e nordic walking, esperienze di educazione ambientale e di team building esperienziale. Scopri di pi\u00f9 Scopri l&#8217;Abruzzo con noi! Se vuoi vivere un&#8217;esperienza indimenticabile, segui i nostri consigli e prenota il tuo soggiorno in uno dei nostri hotel selezionati, dove troverai comfort, ospitalit\u00e0 e qualit\u00e0. Non perderti i sapori della cucina abruzzese, che potrai gustare nei ristoranti che ti suggeriamo. E per rendere il tuo viaggio ancora pi\u00f9 speciale, prova le attivit\u00e0 esperienziali che abbiamo scelto per te.<\/p>\n","protected":false},"author":1,"featured_media":0,"parent":0,"menu_order":0,"comment_status":"closed","ping_status":"closed","template":"","meta":{"_monsterinsights_skip_tracking":false,"_monsterinsights_sitenote_active":false,"_monsterinsights_sitenote_note":"","_monsterinsights_sitenote_category":0,"footnotes":""},"aioseo_notices":[],"_links":{"self":[{"href":"https:\/\/abruzzofoods.com\/index.php\/wp-json\/wp\/v2\/pages\/474"}],"collection":[{"href":"https:\/\/abruzzofoods.com\/index.php\/wp-json\/wp\/v2\/pages"}],"about":[{"href":"https:\/\/abruzzofoods.com\/index.php\/wp-json\/wp\/v2\/types\/page"}],"author":[{"embeddable":true,"href":"https:\/\/abruzzofoods.com\/index.php\/wp-json\/wp\/v2\/users\/1"}],"replies":[{"embeddable":true,"href":"https:\/\/abruzzofoods.com\/index.php\/wp-json\/wp\/v2\/comments?post=474"}],"version-history":[{"count":40,"href":"https:\/\/abruzzofoods.com\/index.php\/wp-json\/wp\/v2\/pages\/474\/revisions"}],"predecessor-version":[{"id":691,"href":"https:\/\/abruzzofoods.com\/index.php\/wp-json\/wp\/v2\/pages\/474\/revisions\/691"}],"wp:attachment":[{"href":"https:\/\/abruzzofoods.com\/index.php\/wp-json\/wp\/v2\/media?parent=474"}],"curies":[{"name":"wp","href":"https:\/\/api.w.org\/{rel}","templated":true}]}}